{"id":8,"date":"2011-09-26T14:37:32","date_gmt":"2011-09-26T14:37:32","guid":{"rendered":"http:\/\/www.zahnarzt-dr-voss.de\/wordpress\/?page_id=8"},"modified":"2020-10-26T16:02:23","modified_gmt":"2020-10-26T16:02:23","slug":"leistungen-2","status":"publish","type":"page","link":"http:\/\/www.zahnarzt-dr-voss.de\/?page_id=8","title":{"rendered":"Leistungen"},"content":{"rendered":"<h2>Leistungen<\/h2>\n<p>Unser optimiertes Prophylaxekonzept der SOLO-Prophylaxe steht am Anfang unserer Behandlung und dient der Gesunderhaltung Ihrer Z\u00e4hne bzw. dem Erhalt Ihres Zahnersatzes.Sollten bereits Z\u00e4hne oder Zahnfleisch erkrankt sein oder Z\u00e4hne fehlen, so finden Sie in uns einen kompetenten Partner mit langj\u00e4hriger Erfahrung.<\/p>\n<p>Wir bieten Ihnen:<\/p>\n<ul>\n<li>eine pers\u00f6nlich auf Sie abgestimmte Beratung<\/li>\n<li>moderne Behandlungsmethoden auf hohem Niveau<\/li>\n<li>Verwendung hochwertige Materialien<\/li>\n<li>Ihren Preisvorstellungen optimierte L\u00f6sungen<\/li>\n<\/ul>\n<p><strong>Prophylaxe:<br \/> <\/strong><\/p>\n<ul>\n<li><strong><span class=\"Apple-style-span\" style=\"font-weight: normal;\">SOLO-Prophylaxe<\/span><\/strong><\/li>\n<\/ul>\n<p><strong>Zahnerhaltung:<\/strong><\/p>\n<ul>\n<li>F\u00fcllungstherapien in \u00a0Kunststoff, Keramik und Gold (auf Wunsch auch in Amalgam)<\/li>\n<li>Endodontologie (Wurzelkanalbehandlungen)<\/li>\n<li>Paradontosebehandlung (auf Wunsch mit Laser)<\/li>\n<\/ul>\n<p><strong>Zahnersatz:<br \/> <\/strong><\/p>\n<ul>\n<li><strong><span class=\"Apple-style-span\" style=\"font-weight: normal;\">Kronen und Br\u00fccken<\/span><\/strong><\/li>\n<li>herausnehmbare Teil- und Vollprothesen<\/li>\n<li>Implantate und implantatgetragener Zahnersatz<\/li>\n<\/ul>\n<p><strong>Funktionstherapie:<br \/> <\/strong><\/p>\n<ul>\n<li><span class=\"Apple-style-span\" style=\"font-weight: normal;\">Aufbissschienen<\/span><\/li>\n<\/ul>\n<p><strong>\u00c4sthetische Behandlungen:<\/strong><\/p>\n<ul>\n<li>Bleaching (Zahnaufhellung)<\/li>\n<li>Veneers (Verblendschalen aus Keramik)<\/li>\n<li><em><strong>neu:\u00a0 Clear Aligner : kieferorthop\u00e4dische Behandlung mit nahezu unsichtbaren Schienen<\/strong><\/em><\/li>\n<\/ul>\n<p>Dar\u00fcber hinaus verweisen wir auf unsere Partnerpraxen f\u00fcr:<br \/> <strong>Fachpraxis f\u00fcr Oralchirurgie<br \/> <\/strong><a href=\"http:\/\/www.dentaplant.de\" target=\"_blank\">Dr.Frank Willebrand und Partner (www.dentaplant.de)<\/a><strong><br \/> <\/strong><\/p>\n<p><strong>Fachpraxen f\u00fcr Kieferorthop\u00e4die<br \/> <\/strong><em><a href=\"http:\/\/www.dr-kiwitz.de\" target=\"_blank\">Dr.Christoph Kiwitz und Dr.Gabriele Gabersek (www.dr-kiwitz.de)<\/a><\/em><br \/> <a href=\"http:\/\/www.my-smile.net\" target=\"_blank\"><em>Dr.Anne-Liese Ruys (www.my-smile.net)<\/em><\/a><\/p>\n","protected":false},"excerpt":{"rendered":"<p>Leistungen Unser optimiertes Prophylaxekonzept der SOLO-Prophylaxe steht am Anfang unserer Behandlung und dient der Gesunderhaltung Ihrer Z\u00e4hne bzw. dem Erhalt Ihres Zahnersatzes.Sollten bereits Z\u00e4hne oder Zahnfleisch erkrankt sein oder Z\u00e4hne fehlen, so finden Sie in uns einen kompetenten Partner mit langj\u00e4hriger Erfahrung. Wir bieten Ihnen: eine pers\u00f6nlich auf Sie abgestimmte Beratung moderne Behandlungsmethoden auf hohem [&hellip;]<\/p>\n","protected":false},"author":1,"featured_media":0,"parent":0,"menu_order":3,"comment_status":"open","ping_status":"open","template":"","meta":[],"_links":{"self":[{"href":"http:\/\/www.zahnarzt-dr-voss.de\/index.php?rest_route=\/wp\/v2\/pages\/8"}],"collection":[{"href":"http:\/\/www.zahnarzt-dr-voss.de\/index.php?rest_route=\/wp\/v2\/pages"}],"about":[{"href":"http:\/\/www.zahnarzt-dr-voss.de\/index.php?rest_route=\/wp\/v2\/types\/page"}],"author":[{"embeddable":true,"href":"http:\/\/www.zahnarzt-dr-voss.de\/index.php?rest_route=\/wp\/v2\/users\/1"}],"replies":[{"embeddable":true,"href":"http:\/\/www.zahnarzt-dr-voss.de\/index.php?rest_route=%2Fwp%2Fv2%2Fcomments&post=8"}],"version-history":[{"count":16,"href":"http:\/\/www.zahnarzt-dr-voss.de\/index.php?rest_route=\/wp\/v2\/pages\/8\/revisions"}],"predecessor-version":[{"id":48,"href":"http:\/\/www.zahnarzt-dr-voss.de\/index.php?rest_route=\/wp\/v2\/pages\/8\/revisions\/48"}],"wp:attachment":[{"href":"http:\/\/www.zahnarzt-dr-voss.de\/index.php?rest_route=%2Fwp%2Fv2%2Fmedia&parent=8"}],"curies":[{"name":"wp","href":"https:\/\/api.w.org\/{rel}","templated":true}]}}