{"id":21,"date":"2011-09-26T14:43:31","date_gmt":"2011-09-26T14:43:31","guid":{"rendered":"http:\/\/www.zahnarzt-dr-voss.de\/wordpress\/?page_id=21"},"modified":"2020-10-27T14:55:37","modified_gmt":"2020-10-27T14:55:37","slug":"aktuelles-2","status":"publish","type":"page","link":"http:\/\/www.zahnarzt-dr-voss.de\/?page_id=21","title":{"rendered":"Aktuelles"},"content":{"rendered":"<h2>Aktuelles<\/h2>\n<p><strong>Ihre Gesundheit ist uns wichtig, daher haben wir unsere Behandlungszimmer mit modernen Luftreinigungsger\u00e4ten ausgestattet.<\/strong><\/p>\n<p><strong> Diese helfen aus den Aerolen der Raumluft sch\u00e4dliche Bakterien und Viren, auch Corona- Viren, zu filtern.<\/strong><\/p>\n<p><strong>Wir passen unsere Hygienekonzepte regelm\u00e4\u00dfig an und hoffen ihnen somit eine angstfreie Behandlung zu gew\u00e4hrleisten<\/strong><\/p>\n<p><em>Vereinbaren sie einen Termin, wir sind zu den gewohnten Behandlungszeiten f\u00fcr sie da. Wir freuen uns auf sie.<\/em><\/p>\n<p>&nbsp;<\/p>\n<p><strong>Zahn\u00e4rztlicher Notdienst<\/strong><br \/> fon:\u00a001805 98 67 00<\/p>\n","protected":false},"excerpt":{"rendered":"<p>Aktuelles Ihre Gesundheit ist uns wichtig, daher haben wir unsere Behandlungszimmer mit modernen Luftreinigungsger\u00e4ten ausgestattet. Diese helfen aus den Aerolen der Raumluft sch\u00e4dliche Bakterien und Viren, auch Corona- Viren, zu filtern. Wir passen unsere Hygienekonzepte regelm\u00e4\u00dfig an und hoffen ihnen somit eine angstfreie Behandlung zu gew\u00e4hrleisten Vereinbaren sie einen Termin, wir sind zu den gewohnten [&hellip;]<\/p>\n","protected":false},"author":1,"featured_media":0,"parent":0,"menu_order":5,"comment_status":"open","ping_status":"open","template":"","meta":[],"_links":{"self":[{"href":"http:\/\/www.zahnarzt-dr-voss.de\/index.php?rest_route=\/wp\/v2\/pages\/21"}],"collection":[{"href":"http:\/\/www.zahnarzt-dr-voss.de\/index.php?rest_route=\/wp\/v2\/pages"}],"about":[{"href":"http:\/\/www.zahnarzt-dr-voss.de\/index.php?rest_route=\/wp\/v2\/types\/page"}],"author":[{"embeddable":true,"href":"http:\/\/www.zahnarzt-dr-voss.de\/index.php?rest_route=\/wp\/v2\/users\/1"}],"replies":[{"embeddable":true,"href":"http:\/\/www.zahnarzt-dr-voss.de\/index.php?rest_route=%2Fwp%2Fv2%2Fcomments&post=21"}],"version-history":[{"count":7,"href":"http:\/\/www.zahnarzt-dr-voss.de\/index.php?rest_route=\/wp\/v2\/pages\/21\/revisions"}],"predecessor-version":[{"id":67,"href":"http:\/\/www.zahnarzt-dr-voss.de\/index.php?rest_route=\/wp\/v2\/pages\/21\/revisions\/67"}],"wp:attachment":[{"href":"http:\/\/www.zahnarzt-dr-voss.de\/index.php?rest_route=%2Fwp%2Fv2%2Fmedia&parent=21"}],"curies":[{"name":"wp","href":"https:\/\/api.w.org\/{rel}","templated":true}]}}