{"id":2,"date":"2011-08-17T16:01:57","date_gmt":"2011-08-17T16:01:57","guid":{"rendered":"http:\/\/www.zahnarzt-dr-voss.de\/wordpress\/?page_id=2"},"modified":"2012-01-05T11:05:21","modified_gmt":"2012-01-05T11:05:21","slug":"ueber_uns","status":"publish","type":"page","link":"http:\/\/www.zahnarzt-dr-voss.de\/?page_id=2","title":{"rendered":"\u00dcber uns"},"content":{"rendered":"<h2>\u00dcber uns<\/h2>\n<p>Wir- ein Team bestehend aus zertifizierten Prophylaxeassistentinnen, aus zahn\u00e4rztlichen Fachassistentinnen und Zahnarzt Dr.Torsten Vo\u00df.<\/p>\n<p>Wir- ein freundliches, kompetentes, dynamisches und erfahrenes Team freut sich auf Sie.<\/p>\n<h2>Sprechzeiten<\/h2>\n<table width=\"100%\" border=\"0\" cellspacing=\"0\" cellpadding=\"0\">\n<tbody>\n<tr>\n<td width=\"200\">Montags<\/td>\n<td>8:30 \u2013 12:00 Uhr | 14:00 \u2013 18:00 Uhr<\/td>\n<\/tr>\n<tr>\n<td>Dienstags<\/td>\n<td>8:30 \u2013 12:00 Uhr | 14:30 &#8211; 19:00 Uhr<\/td>\n<\/tr>\n<tr>\n<td>Mittwochs<\/td>\n<td>8:00 \u2013 12:00 Uhr<\/td>\n<\/tr>\n<tr>\n<td>Donnerstags<\/td>\n<td>8:30 \u2013 12:00 Uhr | 14:00 \u2013 18:00 Uhr<\/td>\n<\/tr>\n<tr>\n<td>Freitags<\/td>\n<td>8:30 \u2013 15:00 Uhr<\/td>\n<\/tr>\n<\/tbody>\n<\/table>\n","protected":false},"excerpt":{"rendered":"<p>\u00dcber uns Wir- ein Team bestehend aus zertifizierten Prophylaxeassistentinnen, aus zahn\u00e4rztlichen Fachassistentinnen und Zahnarzt Dr.Torsten Vo\u00df. Wir- ein freundliches, kompetentes, dynamisches und erfahrenes Team freut sich auf Sie. Sprechzeiten Montags 8:30 \u2013 12:00 Uhr | 14:00 \u2013 18:00 Uhr Dienstags 8:30 \u2013 12:00 Uhr | 14:30 &#8211; 19:00 Uhr Mittwochs 8:00 \u2013 12:00 Uhr Donnerstags [&hellip;]<\/p>\n","protected":false},"author":1,"featured_media":0,"parent":0,"menu_order":2,"comment_status":"open","ping_status":"open","template":"","meta":[],"_links":{"self":[{"href":"http:\/\/www.zahnarzt-dr-voss.de\/index.php?rest_route=\/wp\/v2\/pages\/2"}],"collection":[{"href":"http:\/\/www.zahnarzt-dr-voss.de\/index.php?rest_route=\/wp\/v2\/pages"}],"about":[{"href":"http:\/\/www.zahnarzt-dr-voss.de\/index.php?rest_route=\/wp\/v2\/types\/page"}],"author":[{"embeddable":true,"href":"http:\/\/www.zahnarzt-dr-voss.de\/index.php?rest_route=\/wp\/v2\/users\/1"}],"replies":[{"embeddable":true,"href":"http:\/\/www.zahnarzt-dr-voss.de\/index.php?rest_route=%2Fwp%2Fv2%2Fcomments&post=2"}],"version-history":[{"count":18,"href":"http:\/\/www.zahnarzt-dr-voss.de\/index.php?rest_route=\/wp\/v2\/pages\/2\/revisions"}],"predecessor-version":[{"id":35,"href":"http:\/\/www.zahnarzt-dr-voss.de\/index.php?rest_route=\/wp\/v2\/pages\/2\/revisions\/35"}],"wp:attachment":[{"href":"http:\/\/www.zahnarzt-dr-voss.de\/index.php?rest_route=%2Fwp%2Fv2%2Fmedia&parent=2"}],"curies":[{"name":"wp","href":"https:\/\/api.w.org\/{rel}","templated":true}]}}