{"id":13,"date":"2011-09-26T14:40:36","date_gmt":"2011-09-26T14:40:36","guid":{"rendered":"http:\/\/www.zahnarzt-dr-voss.de\/wordpress\/?page_id=13"},"modified":"2016-09-09T06:58:51","modified_gmt":"2016-09-09T06:58:51","slug":"kontakt-impressum","status":"publish","type":"page","link":"http:\/\/www.zahnarzt-dr-voss.de\/?page_id=13","title":{"rendered":"Kontakt \/ Impressum"},"content":{"rendered":"<h2>Kontakt<\/h2>\n<p>Dr. med. dent. Torsten Vo\u00df<br \/> Praxis f\u00fcr Zahngesundheit<\/p>\n<p>Heidehang 2 (Ecke Frankenstra\u00dfe)<br \/> 45134 Essen<\/p>\n<p><a title=\"Javascript wird ben\u00f6tigt\" href=\"javascript:mailto('wptt\/qsAu.pomjof\/ef')\">voss.pr@t-online.de<\/a><\/p>\n<p>Termninabsprachen:<br \/> fon: 0201\/441612<\/p>\n<div id=\"spacer\">\u00a0<\/div>\n<h2>IMPRESSUM<\/h2>\n<p>(Verantwortlich im Sinne des \u00a7 6 MDStV und \u00a7 6 TDG)<\/p>\n<table width=\"800\" border=\"0\" cellspacing=\"0\" cellpadding=\"0\">\n<tbody>\n<tr>\n<td width=\"270\"><strong>Dr. med. dent. Torsten Vo\u00df<\/strong><\/td>\n<\/tr>\n<tr>\n<td>Praxis f\u00fcr Zahngesundheit<\/td>\n<\/tr>\n<tr>\n<td>Heidehang 2<\/td>\n<\/tr>\n<tr>\n<td>45134 Essen<\/td>\n<\/tr>\n<\/tbody>\n<\/table>\n<table width=\"800\" cellspacing=\"0\" cellpadding=\"0\">\n<tbody>\n<tr>\n<td width=\"270\"><strong>Gestaltung und Programmierung<\/strong><\/td>\n<td><strong>Content-Management System:<\/strong><\/td>\n<\/tr>\n<tr>\n<td>Alex Werth<\/td>\n<td>Diese Seite wird mit WordPress (www.wordpress.org) verwaltet<\/td>\n<\/tr>\n<\/tbody>\n<\/table>\n<p><strong>Datenschutzerkl\u00e4rung<\/strong><\/p>\n<p>Die Praxis Dr. med. dent. Torsten Voss in D-45134 Essen, Heidehang 2 nimmt den Schutz Ihrer pers\u00f6nlichen<br \/> Daten sehr ernst und h\u00e4lt sich strikt an die Vorgaben der Datenschutzgesetze. Die nachfolgende Erkl\u00e4rung gibt<br \/> Ihnen einen \u00dcberblick dar\u00fcber, wie wir diesen Schutz gew\u00e4hrleisten und welche Art von Daten zu welchem Zweck<br \/> erhoben werden.<\/p>\n<p><strong>Erhebung und Verarbeitung von Daten<\/strong><\/p>\n<p>Personenbezogene Daten, die Ihr Browser \u00fcbermittelt, werden auf unserer Webseite stets nur im technisch notwendigen Umfang erhoben, verarbeitet und gespeichert.<br \/> Dies sind: Datum und Uhrzeit der Serveranfrage, Hostname des zugreifenden Rechners (IP-Adresse), Browsertyp und -version, Verweis-URL (Link,<br \/> von dem Sie zu unserer Webseite gelangten)<\/p>\n<p>Diese Daten lassen sich von uns nicht bestimmten Personen zuordnen. Eine Zusammenf\u00fchrung dieser Daten mit anderen Datenquellen wird ebenfalls nicht<br \/> vorgenommen, zudem werden sie nach einer statistischen Auswertung gel\u00f6scht.<\/p>\n<p>Weitergehende personenbezogene Daten werden nur erfasst, wenn Sie diese Angaben freiwillig,<\/p>\n<p>etwa im Rahmen einer Anfrage oder Registrierung, \u00fcbermitteln.<\/p>\n<p><strong>Nutzung und Weitergabe personenbezogener Daten<\/strong><\/p>\n<p>Soweit Sie uns personenbezogene Daten zur Verf\u00fcgung gestellt haben, verwenden wir diese nur zur Beantwortung<\/p>\n<p>Ihrer Anfragen, zur Abwicklung mit Ihnen geschlossener Vertr\u00e4ge und f\u00fcr die technische Administration.<\/p>\n<p>Ihre personenbezogenen Daten werden an Dritte nur dann weitergeleitet, wenn dies zum Zwecke der Vertragsabwicklung<br \/> erforderlich ist oder Sie zuvor eingewilligt haben. Sie haben das Recht, eine erteilte Einwilligung mit Wirkung f\u00fcr<br \/> die Zukunft jederzeit zu widerrufen.<\/p>\n<p>Die L\u00f6schung der gespeicherten personenbezogenen Daten erfolgt, wenn Sie Ihre Einwilligung zur Speicherung widerrufen,<br \/> wenn ihre Kenntnis zur Erf\u00fcllung des mit der Speicherung verfolgten Zwecks nicht mehr erforderlich ist oder wenn<br \/> ihre Speicherung aus sonstigen gesetzlichen Gr\u00fcnden unzul\u00e4ssig ist.<\/p>\n<p><strong>In keinem Fall werden die erhobenen Daten verkauft oder aus anderen Gr\u00fcnden an Dritte weitergegeben.<\/strong><\/p>\n<p><strong>Auskunftsrecht<\/strong><\/p>\n<p>Sie haben jederzeit das Recht auf Auskunft \u00fcber die bez\u00fcglich Ihrer Person gespeicherten Daten, deren Herkunft und<br \/> Empf\u00e4nger sowie den Zweck der Speicherung. Auf schriftliche Anfrage werden wir Sie gern \u00fcber die zu Ihrer Person<br \/> gespeicherten Daten informieren.<\/p>\n<p>Da uns ihr Vertrauen sehr wichtig ist, m\u00f6chten wir Ihnen auch jederzeit Rede und Antwort zu Fragen stehen, die Ihnen<br \/> diese Datenschutzerkl\u00e4rung nicht beantworten konnte. Nehmen Sie in diesem Fall ganz einfach Kontakt mit uns auf.<\/p>\n<p><strong>Sicherheitshinweis<\/strong><\/p>\n<p>Wir sind bem\u00fcht, Ihre personenbezogenen Daten durch Ergreifung aller technischen und organisatorischen M\u00f6glichkeiten<br \/> so zu speichern, dass sie f\u00fcr Dritte nicht zug\u00e4nglich sind. Bei der Kommunikation per E-Mail oder Webformular kann<br \/> die vollst\u00e4ndige Datensicherheit von uns nicht gew\u00e4hrleistet werden, so dass wir Ihnen bei vertraulichen Informationen<br \/> den Postweg empfehlen.<\/p>\n<h2>DISCLAIMER<\/h2>\n<p><strong>Haftungsbeschr\u00e4nkung<\/strong><\/p>\n<p>Die Inhalte dieser Website werden mit gr\u00f6\u00dftm\u00f6glicher Sorgfalt erstellt. Der Anbieter \u00fcbernimmt jedoch keine Gew\u00e4hr f\u00fcr die Richtigkeit,<br \/> Vollst\u00e4ndigkeit und Aktualit\u00e4t der bereitgestellten Inhalte. Die Nutzung der Inhalte der Website erfolgt auf eigeneGefahr des Nutzers. Namentlich<br \/> gekennzeichnete Beitr\u00e4ge geben die Meinung des jeweiligen Autors und nicht immer die Meinung des Anbieters wieder. Mit der reinen Nutzung der Website<br \/> des Anbieters kommt keinerlei Vertragsverh\u00e4ltnis zwischen dem Nutzer und dem Anbieter zustande.<\/p>\n<p><strong>Externe Links<\/strong><\/p>\n<p>Diese Website enth\u00e4lt Verkn\u00fcpfungen zu Websites Dritter (&#8222;externe Links&#8220;). Diese Websites unterliegen der Haftung der jeweiligen Betreiber.<br \/> Der Anbieter hat bei der erstmaligen Verkn\u00fcpfung der externen Links die fremden Inhalte daraufhin \u00fcberpr\u00fcft, ob etwaige Rechtsverst\u00f6\u00dfe<br \/> bestehen. Zu dem Zeitpunkt waren keine Rechtsverst\u00f6\u00dfe ersichtlich. Der Anbieter hat keinerlei Einfluss auf die aktuelle und zuk\u00fcnftige Gestaltung<br \/> und auf die Inhalte der verkn\u00fcpften Seiten. Das Setzen von externen Links bedeutet nicht, dass sich der Anbieter die hinter dem Verweis oder Link liegenden<br \/> Inhalte zu Eigen macht. Eine st\u00e4ndige Kontrolle der externen Links ist f\u00fcr den Anbieter ohne konkrete Hinweise auf Rechtsverst\u00f6\u00dfe nicht zumutbar.<br \/> Bei Kenntnis von Rechtsverst\u00f6\u00dfen werden jedoch derartige externe Links unverz\u00fcglich gel\u00f6scht.<\/p>\n<p><strong>Urheber- und Leistungsschutzrechte<\/strong><\/p>\n<p>Die auf dieser Website ver\u00f6ffentlichten Inhalte unterliegen dem deutschen Urheber- und Leistungsschutzrecht. Jede<\/p>\n<p>vom deutschen Urheber- und Leistungsschutzrecht nicht zugelassene Verwertung bedarf der vorherigen schriftlichen Zustimmung des Anbieters<br \/> oder jeweiligen Rechteinhabers. Dies gilt insbesondere f\u00fcr Vervielf\u00e4ltigung, Bearbeitung, \u00dcbersetzung, Einspeicherung,<br \/> Verarbeitung bzw. Wiedergabe von Inhalten in Datenbanken oder anderen elektronischen Medien und Systemen. Inhalte und Rechte<br \/> Dritter sind dabei als solche gekennzeichnet. Die unerlaubte Vervielf\u00e4ltigung oder Weitergabe einzelner Inhalte oder<br \/> kompletter Seiten ist nicht gestattet und strafbar. Lediglich die Herstellung von Kopien und Downloads f\u00fcr den pers\u00f6nlichen,<br \/> privaten und nicht kommerziellen Gebrauch ist erlaubt.<\/p>\n","protected":false},"excerpt":{"rendered":"<p>Kontakt Dr. med. dent. Torsten Vo\u00df Praxis f\u00fcr Zahngesundheit Heidehang 2 (Ecke Frankenstra\u00dfe) 45134 Essen voss.pr@t-online.de Termninabsprachen: fon: 0201\/441612 \u00a0 IMPRESSUM (Verantwortlich im Sinne des \u00a7 6 MDStV und \u00a7 6 TDG) Dr. med. dent. Torsten Vo\u00df Praxis f\u00fcr Zahngesundheit Heidehang 2 45134 Essen Gestaltung und Programmierung Content-Management System: Alex Werth Diese Seite wird mit [&hellip;]<\/p>\n","protected":false},"author":1,"featured_media":0,"parent":0,"menu_order":7,"comment_status":"open","ping_status":"open","template":"","meta":[],"_links":{"self":[{"href":"http:\/\/www.zahnarzt-dr-voss.de\/index.php?rest_route=\/wp\/v2\/pages\/13"}],"collection":[{"href":"http:\/\/www.zahnarzt-dr-voss.de\/index.php?rest_route=\/wp\/v2\/pages"}],"about":[{"href":"http:\/\/www.zahnarzt-dr-voss.de\/index.php?rest_route=\/wp\/v2\/types\/page"}],"author":[{"embeddable":true,"href":"http:\/\/www.zahnarzt-dr-voss.de\/index.php?rest_route=\/wp\/v2\/users\/1"}],"replies":[{"embeddable":true,"href":"http:\/\/www.zahnarzt-dr-voss.de\/index.php?rest_route=%2Fwp%2Fv2%2Fcomments&post=13"}],"version-history":[{"count":20,"href":"http:\/\/www.zahnarzt-dr-voss.de\/index.php?rest_route=\/wp\/v2\/pages\/13\/revisions"}],"predecessor-version":[{"id":70,"href":"http:\/\/www.zahnarzt-dr-voss.de\/index.php?rest_route=\/wp\/v2\/pages\/13\/revisions\/70"}],"wp:attachment":[{"href":"http:\/\/www.zahnarzt-dr-voss.de\/index.php?rest_route=%2Fwp%2Fv2%2Fmedia&parent=13"}],"curies":[{"name":"wp","href":"https:\/\/api.w.org\/{rel}","templated":true}]}}