{"id":10,"date":"2011-09-26T14:38:59","date_gmt":"2011-09-26T14:38:59","guid":{"rendered":"http:\/\/www.zahnarzt-dr-voss.de\/wordpress\/?page_id=10"},"modified":"2012-01-11T13:18:21","modified_gmt":"2012-01-11T13:18:21","slug":"aktuelles","status":"publish","type":"page","link":"http:\/\/www.zahnarzt-dr-voss.de\/?page_id=10","title":{"rendered":"Solomed"},"content":{"rendered":"<h2>Solomed<\/h2>\n<p><strong>Die SOLO-Prophylaxe<\/strong><\/p>\n<p>Mit Hilfe der SOLO-Prophylaxe m\u00f6chten wir unserer Vision von gesunden Z\u00e4hnen und gesundem Zahnfleisch ein St\u00fcck n\u00e4her kommen.\u00a0Gesunde Z\u00e4hne \u2013ein Leben lang- w\u00e4r das nicht auch was f\u00fcr Sie?\u00a0Zahnersatz auf entz\u00fcndungsfreien und gesunden Z\u00e4hnen und Implantaten befestigt, der l\u00e4nger h\u00e4lt, wir zeigen \u00a0Ihnen wie\u2019s geht.\u00a0 SOLO-Prophylaxe hilft jung und alt.<\/p>\n<p>SOLO-Prophylaxe basiert auf einem perfektionierten Sortiment von Systemb\u00fcrsten. Aus diesem\u00a0 Sortiment suchen wir in einer Propylaxesitzung die f\u00fcr Sie passenden B\u00fcrsten aus. Unsere Prophylaxeassistentin benutzt diese B\u00fcrsten\u00a0 dann bereits zur Reinigung Ihrer Z\u00e4hne und zeigt Ihnen wie\u00b4s geht. Sie verlassen unsere Praxis mit perfekt gereinigten Z\u00e4hnen und dem Wissen wie Sie zuhause Ihre Z\u00e4hne perfekt sauber halten k\u00f6nnen. Lassen Sie sich begeistern , Ihre Z\u00e4hne werden es Ihnen danken.<\/p>\n<p><b>Warum gibt es SOLO-Prophylaxe?<\/b><\/p>\n<p><iframe width=\"560\" height=\"315\" src=\"http:\/\/www.youtube.com\/embed\/PqZXXTIzCZg\" frameborder=\"0\" allowfullscreen><\/iframe><\/p>\n","protected":false},"excerpt":{"rendered":"<p>Solomed Die SOLO-Prophylaxe Mit Hilfe der SOLO-Prophylaxe m\u00f6chten wir unserer Vision von gesunden Z\u00e4hnen und gesundem Zahnfleisch ein St\u00fcck n\u00e4her kommen.\u00a0Gesunde Z\u00e4hne \u2013ein Leben lang- w\u00e4r das nicht auch was f\u00fcr Sie?\u00a0Zahnersatz auf entz\u00fcndungsfreien und gesunden Z\u00e4hnen und Implantaten befestigt, der l\u00e4nger h\u00e4lt, wir zeigen \u00a0Ihnen wie\u2019s geht.\u00a0 SOLO-Prophylaxe hilft jung und alt. SOLO-Prophylaxe basiert [&hellip;]<\/p>\n","protected":false},"author":1,"featured_media":0,"parent":0,"menu_order":4,"comment_status":"open","ping_status":"open","template":"","meta":[],"_links":{"self":[{"href":"http:\/\/www.zahnarzt-dr-voss.de\/index.php?rest_route=\/wp\/v2\/pages\/10"}],"collection":[{"href":"http:\/\/www.zahnarzt-dr-voss.de\/index.php?rest_route=\/wp\/v2\/pages"}],"about":[{"href":"http:\/\/www.zahnarzt-dr-voss.de\/index.php?rest_route=\/wp\/v2\/types\/page"}],"author":[{"embeddable":true,"href":"http:\/\/www.zahnarzt-dr-voss.de\/index.php?rest_route=\/wp\/v2\/users\/1"}],"replies":[{"embeddable":true,"href":"http:\/\/www.zahnarzt-dr-voss.de\/index.php?rest_route=%2Fwp%2Fv2%2Fcomments&post=10"}],"version-history":[{"count":9,"href":"http:\/\/www.zahnarzt-dr-voss.de\/index.php?rest_route=\/wp\/v2\/pages\/10\/revisions"}],"predecessor-version":[{"id":99,"href":"http:\/\/www.zahnarzt-dr-voss.de\/index.php?rest_route=\/wp\/v2\/pages\/10\/revisions\/99"}],"wp:attachment":[{"href":"http:\/\/www.zahnarzt-dr-voss.de\/index.php?rest_route=%2Fwp%2Fv2%2Fmedia&parent=10"}],"curies":[{"name":"wp","href":"https:\/\/api.w.org\/{rel}","templated":true}]}}